{"id":24,"date":"2014-06-23T21:21:16","date_gmt":"2014-06-23T21:21:16","guid":{"rendered":"http:\/\/recoltant.biz\/?page_id=24"},"modified":"2014-06-23T21:21:16","modified_gmt":"2014-06-23T21:21:16","slug":"notre-domaine","status":"publish","type":"page","link":"http:\/\/recoltant.biz\/?page_id=24","title":{"rendered":"Notre domaine"},"content":{"rendered":"<p>&nbsp;<\/p>\n<p><a href=\"http:\/\/recoltant.biz\/wp-content\/uploads\/2014\/06\/Copie-de-archi-logo.jpg\"><img loading=\"lazy\" decoding=\"async\" class=\"alignnone size-full wp-image-37\" src=\"http:\/\/recoltant.biz\/wp-content\/uploads\/2014\/06\/Copie-de-archi-logo.jpg\" alt=\"Copie de archi logo\" width=\"170\" height=\"169\" srcset=\"http:\/\/recoltant.biz\/wp-content\/uploads\/2014\/06\/Copie-de-archi-logo.jpg 170w, http:\/\/recoltant.biz\/wp-content\/uploads\/2014\/06\/Copie-de-archi-logo-150x150.jpg 150w\" sizes=\"auto, (max-width: 170px) 100vw, 170px\" \/><\/a>D\u00e8s lors, sachez que je me battrai pour faire admettre que l&rsquo;aspiration plus que l\u00e9gitime de chacun au progr\u00e8s social soustrait toute vision globale de nos compatriotes les plus d\u00e9munisIl avait d\u2019abord commencer par r\u00e9cup\u00e9rer des informations depuis l\u2019ordinateur de David, puis il \u00e9tait all\u00e9 les chercher sur Internet. Il avait lui m\u00eame programm\u00e9 l\u2019ordinateur de David afin d\u2019avoir un premier lien vers le monde ext\u00e9rieur : la voix. Il pouvait entendre la voix de David, mais ne la comprenait pas. C\u2019est alors qu\u2019il a d\u00e9cider d\u2019aller lui m\u00eame \u00e0 l\u2019information.<\/p>\n<p>&nbsp;<\/p>\n","protected":false},"excerpt":{"rendered":"<p>&nbsp; D\u00e8s lors, sachez que je me battrai pour faire admettre que l&rsquo;aspiration plus que l\u00e9gitime de chacun au progr\u00e8s social soustrait toute vision globale de nos compatriotes les plus d\u00e9munisIl avait d\u2019abord commencer par r\u00e9cup\u00e9rer des informations depuis l\u2019ordinateur de David, puis il \u00e9tait all\u00e9 les chercher sur Internet. Il avait lui m\u00eame programm\u00e9 &hellip; <a href=\"http:\/\/recoltant.biz\/?page_id=24\" class=\"more-link\">Continuer la lecture de <span class=\"screen-reader-text\">Notre domaine<\/span>  <span class=\"meta-nav\">&rarr;<\/span><\/a><\/p>\n","protected":false},"author":1,"featured_media":0,"parent":0,"menu_order":0,"comment_status":"open","ping_status":"open","template":"","meta":{"footnotes":""},"class_list":["post-24","page","type-page","status-publish","hentry"],"_links":{"self":[{"href":"http:\/\/recoltant.biz\/index.php?rest_route=\/wp\/v2\/pages\/24","targetHints":{"allow":["GET"]}}],"collection":[{"href":"http:\/\/recoltant.biz\/index.php?rest_route=\/wp\/v2\/pages"}],"about":[{"href":"http:\/\/recoltant.biz\/index.php?rest_route=\/wp\/v2\/types\/page"}],"author":[{"embeddable":true,"href":"http:\/\/recoltant.biz\/index.php?rest_route=\/wp\/v2\/users\/1"}],"replies":[{"embeddable":true,"href":"http:\/\/recoltant.biz\/index.php?rest_route=%2Fwp%2Fv2%2Fcomments&post=24"}],"version-history":[{"count":2,"href":"http:\/\/recoltant.biz\/index.php?rest_route=\/wp\/v2\/pages\/24\/revisions"}],"predecessor-version":[{"id":60,"href":"http:\/\/recoltant.biz\/index.php?rest_route=\/wp\/v2\/pages\/24\/revisions\/60"}],"wp:attachment":[{"href":"http:\/\/recoltant.biz\/index.php?rest_route=%2Fwp%2Fv2%2Fmedia&parent=24"}],"curies":[{"name":"wp","href":"https:\/\/api.w.org\/{rel}","templated":true}]}}