{"id":2,"date":"2014-06-23T14:17:02","date_gmt":"2014-06-23T14:17:02","guid":{"rendered":"http:\/\/recoltant.biz\/?page_id=2"},"modified":"2014-07-30T08:02:38","modified_gmt":"2014-07-30T08:02:38","slug":"sample-page","status":"publish","type":"page","link":"http:\/\/recoltant.biz\/","title":{"rendered":"CREEZ VOTRE SITE A VOTRE IMAGE&#8230;"},"content":{"rendered":"<blockquote><p><a href=\"http:\/\/recoltant.biz\/wp-content\/uploads\/2014\/06\/vigneron1.jpg\"><img loading=\"lazy\" decoding=\"async\" class=\"alignnone size-medium wp-image-7\" src=\"http:\/\/recoltant.biz\/wp-content\/uploads\/2014\/06\/vigneron1-245x300.jpg\" alt=\"vigneron1\" width=\"245\" height=\"300\" srcset=\"http:\/\/recoltant.biz\/wp-content\/uploads\/2014\/06\/vigneron1-245x300.jpg 245w, http:\/\/recoltant.biz\/wp-content\/uploads\/2014\/06\/vigneron1.jpg 758w\" sizes=\"auto, (max-width: 245px) 100vw, 245px\" \/><\/a><\/p>\n<p><a title=\"BIENVENUE SUR LE SITE DE PRESENTATION\" href=\"http:\/\/recoltant.biz\/?p=1\">Nous sommes dans une page exemple, <strong>vous pourrez bien-sur entrer sur votre site tous les \u00e9l\u00e9ments que vous jugerez utile de communiquer \u00e0 vos visiteurs<\/strong>, inclure des photos pertinentes, ajouter les vid\u00e9o des \u00e9v\u00e8nements qui se sont d\u00e9roul\u00e9s sur la propri\u00e9t\u00e9 , et toute autre information justifiant un int\u00e9r\u00eat li\u00e9 \u00e0 votre activit\u00e9 ou \u00e0 votre exploitation et que vous \u00eates le seul \u00e0 conna\u00eetre .<\/a><\/p>\n<p>&nbsp;<\/p>\n<p>&nbsp;<\/p><\/blockquote>\n","protected":false},"excerpt":{"rendered":"<p>Nous sommes dans une page exemple, vous pourrez bien-sur entrer sur votre site tous les \u00e9l\u00e9ments que vous jugerez utile de communiquer \u00e0 vos visiteurs, inclure des photos pertinentes, ajouter les vid\u00e9o des \u00e9v\u00e8nements qui se sont d\u00e9roul\u00e9s sur la propri\u00e9t\u00e9 , et toute autre information justifiant un int\u00e9r\u00eat li\u00e9 \u00e0 votre activit\u00e9 ou \u00e0 &hellip; <a href=\"http:\/\/recoltant.biz\/\" class=\"more-link\">Continuer la lecture de <span class=\"screen-reader-text\">CREEZ VOTRE SITE A VOTRE IMAGE&#8230;<\/span>  <span class=\"meta-nav\">&rarr;<\/span><\/a><\/p>\n","protected":false},"author":1,"featured_media":0,"parent":0,"menu_order":0,"comment_status":"open","ping_status":"open","template":"","meta":{"footnotes":""},"class_list":["post-2","page","type-page","status-publish","hentry"],"_links":{"self":[{"href":"http:\/\/recoltant.biz\/index.php?rest_route=\/wp\/v2\/pages\/2","targetHints":{"allow":["GET"]}}],"collection":[{"href":"http:\/\/recoltant.biz\/index.php?rest_route=\/wp\/v2\/pages"}],"about":[{"href":"http:\/\/recoltant.biz\/index.php?rest_route=\/wp\/v2\/types\/page"}],"author":[{"embeddable":true,"href":"http:\/\/recoltant.biz\/index.php?rest_route=\/wp\/v2\/users\/1"}],"replies":[{"embeddable":true,"href":"http:\/\/recoltant.biz\/index.php?rest_route=%2Fwp%2Fv2%2Fcomments&post=2"}],"version-history":[{"count":7,"href":"http:\/\/recoltant.biz\/index.php?rest_route=\/wp\/v2\/pages\/2\/revisions"}],"predecessor-version":[{"id":66,"href":"http:\/\/recoltant.biz\/index.php?rest_route=\/wp\/v2\/pages\/2\/revisions\/66"}],"wp:attachment":[{"href":"http:\/\/recoltant.biz\/index.php?rest_route=%2Fwp%2Fv2%2Fmedia&parent=2"}],"curies":[{"name":"wp","href":"https:\/\/api.w.org\/{rel}","templated":true}]}}